{"id":3,"date":"2025-10-23T10:52:47","date_gmt":"2025-10-23T10:52:47","guid":{"rendered":"https:\/\/dr-ditzen.de\/?page_id=3"},"modified":"2025-11-13T21:40:29","modified_gmt":"2025-11-13T21:40:29","slug":"datenschutz","status":"publish","type":"page","link":"https:\/\/dr-ditzen.de\/index.php\/datenschutz\/","title":{"rendered":"Datenschutzbestimmungen"},"content":{"rendered":"<div class=\"fusion-fullwidth fullwidth-box fusion-builder-row-1 fusion-flex-container nonhundred-percent-fullwidth non-hundred-percent-height-scrolling\" style=\"--awb-border-radius-top-left:0px;--awb-border-radius-top-right:0px;--awb-border-radius-bottom-right:0px;--awb-border-radius-bottom-left:0px;--awb-margin-top:120px;--awb-flex-wrap:wrap;\" ><div class=\"fusion-builder-row fusion-row fusion-flex-align-items-flex-start fusion-flex-justify-content-center fusion-flex-content-wrap\" style=\"max-width:1248px;margin-left: calc(-4% \/ 2 );margin-right: calc(-4% \/ 2 );\"><div class=\"fusion-layout-column fusion_builder_column fusion-builder-column-0 fusion_builder_column_2_3 2_3 fusion-flex-column\" style=\"--awb-bg-blend:overlay;--awb-bg-size:cover;--awb-width-large:66.666666666667%;--awb-margin-top-large:0px;--awb-spacing-right-large:2.88%;--awb-margin-bottom-large:0px;--awb-spacing-left-large:2.88%;--awb-width-medium:66.666666666667%;--awb-spacing-right-medium:2.88%;--awb-spacing-left-medium:2.88%;--awb-width-small:100%;--awb-spacing-right-small:1.92%;--awb-spacing-left-small:1.92%;\"><div class=\"fusion-column-wrapper fusion-flex-justify-content-flex-start fusion-content-layout-column\"><div class=\"fusion-title title fusion-title-1 fusion-sep-none fusion-title-text fusion-title-size-one hyphen\"><h1 class=\"fusion-title-heading title-heading-left fusion-responsive-typography-calculated\" style=\"margin:0;--fontSize:66;line-height:1;\">Datenschutzbestimmungen<\/h1><\/div><div class=\"fusion-text fusion-text-1\"><h3>\u00a7 1 Information \u00fcber die Erhebung personenbezogener Daten<\/h3>\n<p>(1) Im Folgenden informieren wir \u00fcber die Erhebung personenbezogener Daten bei Nutzung unserer Website. Personenbezogene Daten sind alle Daten, die auf Sie pers\u00f6nlich beziehbar sind, z. B. Name, Adresse, E-Mail-Adressen, Nutzerverhalten.<br \/>\n(2) F\u00fcr diese Erkl\u00e4rung gilt die Kirchliche Datenschutzregelung der Ordensgemeinschaft p\u00e4pstlichen Rechts (KDR-OG).<br \/>\nVerantwortliche im Sinne des \u00a7 4 Nr. 9 KDR-OG ist die<\/p>\n<h4>Medizinisches Versorgungszentrum am St. Vinzenz-Krankenhaus Hanau GmbH<\/h4>\n<p>Am Frankfurter Tor 25<br \/>\n63450 Hanau<br \/>\nTel.: +49 6181 272-201<br \/>\nE-Mail: info@vinzenz-hanau.de<\/p>\n<p><b>Die Gesellschaft wird vertreten durch ihren Gesch\u00e4ftsf\u00fchrer<\/b><\/p>\n<p>Dipl. Betriebswirt Michael Sammet<br \/>\nAnschrift wie oben<\/p>\n<p><b>Datenschutzbeauftragte ist<\/b><\/p>\n<p>Heike Merle<br \/>\n<span style=\"font-family: var(--awb-text-font-family); font-size: var(--awb-font-size); font-style: var(--awb-text-font-style); letter-spacing: var(--awb-letter-spacing); text-align: var(--awb-content-alignment); text-transform: var(--awb-text-transform);\">Betriebliche Datenschutzbeauftragte <\/span><span style=\"font-family: var(--awb-text-font-family); font-size: var(--awb-font-size); font-style: var(--awb-text-font-style); letter-spacing: var(--awb-letter-spacing); text-align: var(--awb-content-alignment); text-transform: var(--awb-text-transform);\">Koordinatorin f\u00fcr Informationssicherheit<\/span><\/p>\n<p>St. Vinzenz-Krankenhaus Hanau gGmbH<br \/>\nAm Frankfurter Tor 25 | 63450 Hanau<br \/>\nTel. +49 6181 272 217<br \/>\nFax +49 6181 272 523<br \/>\ndatenschutz@vinzenz-hanau.de<\/p>\n<p>(3) Falls wir f\u00fcr einzelne Funktionen unseres Angebots auf beauftragte Dienstleister zur\u00fcckgreifen, werden wir Sie untenstehend im Detail \u00fcber die jeweiligen Vorg\u00e4nge informieren. Dabei nennen wir auch die festgelegten Kriterien der Speicherdauer.<\/p>\n<\/div><div class=\"fusion-text fusion-text-2\"><h3>\u00a7 2 Ihre Rechte<\/h3>\n<p>(1) Sie haben uns gegen\u00fcber folgende Rechte hinsichtlich der Sie betreffenden personenbezogenen Daten:<br \/>\na) Recht auf Auskunft,<br \/>\nb) Recht auf Berichtigung oder L\u00f6schung,<br \/>\nc) Recht auf Einschr\u00e4nkung der Verarbeitung,<br \/>\nd) Recht auf Widerspruch gegen die Verarbeitung,<br \/>\ne) Recht auf Daten\u00fcbertragbarkeit.<\/p>\n<p>(2) Sie haben zudem das Recht, sich bei einer Datenschutz-Aufsichtsbeh\u00f6rde \u00fcber die Verarbeitung Ihrer personenbezogenen Daten durch uns zu beschweren.<\/p>\n<\/div><div class=\"fusion-text fusion-text-3\"><h3>Erhebung personenbezogener Daten<\/h3>\n<p>(1) Bei einer informatorischen Nutzung der Website, d. h. wenn Sie unsere Website lediglich betrachten und sich nicht registrieren oder uns anderweitig Informationen \u00fcbermitteln, verarbeiten wir diejenigen personenbezogenen Daten, welche Ihr Browser an unseren Server \u00fcbermittelt. Die Verarbeitung ist erforderlich, um Ihnen unsere Website anzeigen und Stabilit\u00e4t und Sicherheit gew\u00e4hrleisten zu k\u00f6nnen. Es handelt sich um folgende Daten:<br \/>\na) IP-Adresse<br \/>\nb) Datum und Uhrzeit der Anfrage<br \/>\nc) Zeitzonendifferenz zur Greenwich Mean Time (GMT)<br \/>\nd) Inhalt der Anforderung (konkrete Seite)<br \/>\ne) Zugriffsstatus\/HTTP-Statuscode<br \/>\nf) jeweils \u00fcbertragene Datenmenge<br \/>\ng) Website, von der die Anforderung kommt<br \/>\nh) Browser<br \/>\ni) Betriebssystem und dessen Oberfl\u00e4che<br \/>\nj) Sprache und Version der Browsersoftware<br \/>\nRechtsgrundlage f\u00fcr die Datenverarbeitung ist \u00a7 6 Abs. 1 lit. g) KDR-OG.<\/p>\n<\/div><div class=\"fusion-text fusion-text-4\"><h3>\u00a7 4 Weitere Funktionen und Angebote unserer Website<\/h3>\n<p>(1) Neben der rein informatorischen Nutzung unserer Website bieten wir verschiedene Leistungen an, die Sie bei Interesse nutzen k\u00f6nnen. Dazu m\u00fcssen Sie in der Regel weitere personenbezogene Daten angeben, die wir zur Erbringung der jeweiligen Leistung nutzen und f\u00fcr die die zuvor genannten Grunds\u00e4tze zur Datenverarbeitung gelten.<br \/>\n(2) Teilweise bedienen wir uns zur Verarbeitung Ihrer Daten externer Dienstleister. Diese wurden von uns sorgf\u00e4ltig ausgew\u00e4hlt und beauftragt, sind an unsere Weisungen gebunden und werden regelm\u00e4\u00dfig kontrolliert.<br \/>\n(3) Soweit unsere Dienstleister oder Partner ihren Sitz in einem Staat au\u00dferhalb des Europ\u00e4ischen Wirtschaftsraumen (EWR) haben, informieren wir Sie \u00fcber die Folgen dieses Umstands in der Beschreibung des Angebotes.<\/p>\n<\/div><div class=\"fusion-text fusion-text-5\"><h3>\u00a7 5 Widerspruch oder Widerruf gegen die Verarbeitung Ihrer Daten<\/h3>\n<p>(1) Falls Sie eine Einwilligung zur Verarbeitung Ihrer Daten erteilt haben, k\u00f6nnen Sie diese jederzeit widerrufen. Ein solcher Widerruf beeinflusst die Zul\u00e4ssigkeit der Verarbeitung Ihrer personenbezogenen Daten, nachdem Sie ihn gegen\u00fcber uns ausgesprochen haben.<br \/>\n(2) Soweit wir die Verarbeitung Ihrer personenbezogenen Daten auf die Interessenabw\u00e4gung st\u00fctzen, k\u00f6nnen Sie Widerspruch gegen die Verarbeitung einlegen. Dies ist der Fall, wenn die Verarbeitung insbesondere nicht zur Erf\u00fcllung eines Vertrags mit Ihnen erforderlich ist, was von uns jeweils bei der nachfolgenden Beschreibung der Funktionen dargestellt wird. Bei Aus\u00fcbung eines solchen Widerspruchs bitten wir um Darlegung der Gr\u00fcnde, weshalb wir Ihre personenbezogenen Daten nicht wie von uns durchgef\u00fchrt verarbeiten sollten. Im Falle Ihres begr\u00fcndeten Widerspruchs pr\u00fcfen wir die Sachlage und werden entweder die Datenverarbeitung einstellen bzw. anpassen oder Ihnen unsere zwingenden schutzw\u00fcrdigen Gr\u00fcnde aufzeigen, aufgrund derer wir die Verarbeitung fortf\u00fchren.<\/p>\n<\/div><div class=\"fusion-text fusion-text-6\"><h5>\u00a7 6 Versand einer E-Mail<\/h5>\n<p>(1) Wenn Sie uns eine E-Mail zusenden, verarbeiten wir die uns damit zur Verf\u00fcgung gestellten Daten. Die Verarbeitung erfolgt zum Zwecke der Beantwortung Ihrer Anfrage. Rechtsgrundlage ist in Abh\u00e4ngigkeit vom Inhalt Ihrer Anfrage \u00a7 6 Abs. 1 lit. b) oder c) KDR-OG.<br \/>\n(2) Ihre Nachricht bleibt bis zur abschlie\u00dfenden Bearbeitung Ihrer Anfrage gespeichert.<\/p>\n<\/div><\/div><\/div><\/div><\/div>\n","protected":false},"excerpt":{"rendered":"","protected":false},"author":1,"featured_media":0,"parent":0,"menu_order":0,"comment_status":"closed","ping_status":"closed","template":"100-width.php","meta":{"footnotes":""},"class_list":["post-3","page","type-page","status-publish","hentry"],"aioseo_notices":[],"_links":{"self":[{"href":"https:\/\/dr-ditzen.de\/index.php\/wp-json\/wp\/v2\/pages\/3","targetHints":{"allow":["GET"]}}],"collection":[{"href":"https:\/\/dr-ditzen.de\/index.php\/wp-json\/wp\/v2\/pages"}],"about":[{"href":"https:\/\/dr-ditzen.de\/index.php\/wp-json\/wp\/v2\/types\/page"}],"author":[{"embeddable":true,"href":"https:\/\/dr-ditzen.de\/index.php\/wp-json\/wp\/v2\/users\/1"}],"replies":[{"embeddable":true,"href":"https:\/\/dr-ditzen.de\/index.php\/wp-json\/wp\/v2\/comments?post=3"}],"version-history":[{"count":11,"href":"https:\/\/dr-ditzen.de\/index.php\/wp-json\/wp\/v2\/pages\/3\/revisions"}],"predecessor-version":[{"id":195,"href":"https:\/\/dr-ditzen.de\/index.php\/wp-json\/wp\/v2\/pages\/3\/revisions\/195"}],"wp:attachment":[{"href":"https:\/\/dr-ditzen.de\/index.php\/wp-json\/wp\/v2\/media?parent=3"}],"curies":[{"name":"wp","href":"https:\/\/api.w.org\/{rel}","templated":true}]}}